{"id":2,"date":"2015-07-27T07:02:34","date_gmt":"2015-07-27T07:02:34","guid":{"rendered":"http:\/\/www.ammec.de\/wp\/?page_id=2"},"modified":"2017-01-17T15:05:41","modified_gmt":"2017-01-17T14:05:41","slug":"sample-page","status":"publish","type":"page","link":"http:\/\/www.ammec.de\/wp\/","title":{"rendered":"AMMEC &#8211; Accessible MultiMedia Entertainment Center"},"content":{"rendered":"<p style=\"text-align: justify;\">Das Accessible MultiMedia Entertainment Center kurz AMMEC ist das erste Multimedia-System das blinde und sehbehinderte Menschen durch seine Sprachausgabe in die Lage versetzt, s\u00e4mtliche Men\u00fcs zu bedienen und alle Bildschirminformationen ohne sehende Hilfe zu lesen! Da alle Eingaben und Positionen in der Men\u00fcf\u00fchrung von der Sprachausgabe vorgelesen werden, weis der Nutzer immer in welchem Men\u00fc er sich gerade befindet und erh\u00e4lt erstmals die M\u00f6glichkeit seine Eingaben und Einstellungen auf ihre Richtigkeit zu \u00fcberpr\u00fcfen. Ein Durchbruch mit fast revolution\u00e4rem Charakter ist auch die Tatsache, dass es sich beim Accessible MultiMedia Entertainment Center um ein vollst\u00e4ndig autarkes Multimedia-System f\u00fcr Blinde\/Sehbehinderte handelt. Alle Funktionen des AMMEC sind ohne den Einsatz weiterer Hard- oder Software in vollem Umfang nutzbar!<\/p>\n","protected":false},"excerpt":{"rendered":"<p>Das Accessible MultiMedia Entertainment Center kurz AMMEC ist das erste Multimedia-System das blinde und sehbehinderte Menschen durch seine Sprachausgabe in die Lage versetzt, s\u00e4mtliche Men\u00fcs zu bedienen und alle Bildschirminformationen ohne sehende Hilfe zu lesen! Da alle Eingaben und Positionen in der Men\u00fcf\u00fchrung von der Sprachausgabe vorgelesen werden, weis der Nutzer immer in welchem Men\u00fc [&hellip;]<\/p>\n","protected":false},"author":1,"featured_media":0,"parent":0,"menu_order":0,"comment_status":"closed","ping_status":"closed","template":"","meta":{"rop_custom_images_group":[],"rop_custom_messages_group":[],"rop_publish_now":"initial","rop_publish_now_accounts":[],"rop_publish_now_history":[],"rop_publish_now_status":"pending","footnotes":""},"class_list":["post-2","page","type-page","status-publish","hentry"],"_links":{"self":[{"href":"http:\/\/www.ammec.de\/wp\/index.php?rest_route=\/wp\/v2\/pages\/2","targetHints":{"allow":["GET"]}}],"collection":[{"href":"http:\/\/www.ammec.de\/wp\/index.php?rest_route=\/wp\/v2\/pages"}],"about":[{"href":"http:\/\/www.ammec.de\/wp\/index.php?rest_route=\/wp\/v2\/types\/page"}],"author":[{"embeddable":true,"href":"http:\/\/www.ammec.de\/wp\/index.php?rest_route=\/wp\/v2\/users\/1"}],"replies":[{"embeddable":true,"href":"http:\/\/www.ammec.de\/wp\/index.php?rest_route=%2Fwp%2Fv2%2Fcomments&post=2"}],"version-history":[{"count":3,"href":"http:\/\/www.ammec.de\/wp\/index.php?rest_route=\/wp\/v2\/pages\/2\/revisions"}],"predecessor-version":[{"id":226,"href":"http:\/\/www.ammec.de\/wp\/index.php?rest_route=\/wp\/v2\/pages\/2\/revisions\/226"}],"wp:attachment":[{"href":"http:\/\/www.ammec.de\/wp\/index.php?rest_route=%2Fwp%2Fv2%2Fmedia&parent=2"}],"curies":[{"name":"wp","href":"https:\/\/api.w.org\/{rel}","templated":true}]}}